{"id":85,"date":"2023-10-02T16:27:24","date_gmt":"2023-10-02T14:27:24","guid":{"rendered":"https:\/\/theatrucs.ovh\/?page_id=85"},"modified":"2023-10-03T10:14:36","modified_gmt":"2023-10-03T08:14:36","slug":"mentions-legales","status":"publish","type":"page","link":"https:\/\/theatrucs.ovh\/index.php\/mentions-legales\/","title":{"rendered":"Mentions l\u00e9gales"},"content":{"rendered":"<div id=\"pl-85\"  class=\"panel-layout\" ><div id=\"pg-85-0\"  class=\"panel-grid panel-no-style\" ><div id=\"pgc-85-0-0\"  class=\"panel-grid-cell\" ><div id=\"panel-85-0-0-0\" class=\"so-panel widget widget_sow-editor panel-first-child panel-last-child\" data-index=\"0\" ><div\n\t\t\t\n\t\t\tclass=\"so-widget-sow-editor so-widget-sow-editor-base\"\n\t\t\t\n\t\t><h3 class=\"widget-title\">A savoir<\/h3>\n<div class=\"siteorigin-widget-tinymce textwidget\">\n\t<p><strong>PRESENTATION DU SITE<\/strong><br \/>\nEn vertu de l\u2019article 6 de la loi n\u00b0 2004-575 du 21 juin 2004 pour la confiance dans l\u2019\u00e9conomie<br \/>\nnum\u00e9rique, les diff\u00e9rents intervenants du site dans le cadre de sa r\u00e9alisation et de son suivi :<br \/>\n\u25cf Propri\u00e9taire : LES TH\u00c9\u00c2TRUCS<br \/>\nLe propri\u00e9taire du site internet est joignable \u00e0 cette adresse : theatrucsguichen@yahoo.com<br \/>\n\u25cf Adresse : Place Georges le Cornec 35580 Guichen<br \/>\n\u25cf Cr\u00e9ateur du site : LES TH\u00c9\u00c2TRUCS<br \/>\n\u25cf Responsable publication : Annie MARTY (pr\u00e9sidente) - theatrucsguichen@yahoo.com<br \/>\n\u25cf Webmaster : P Hiernard<br \/>\n\u25cf H\u00e9bergeur : OVH 2 rue Kellermann - 59100 Roubaix - France<br \/>\n\u25cf Cr\u00e9dits : <small><em>Ces mentions l\u00e9gales sont offertes par Le G\u00e9n\u00e9rateur de Mentions L\u00e9gales du Site Fran\u00e7ais<\/em><\/small><\/p>\n<p><strong>CONDITIONS D\u2019UTILISATION<\/strong><br \/>\nL\u2019utilisation du site implique l\u2019acceptation pleine et enti\u00e8re des conditions g\u00e9n\u00e9rales<br \/>\nd\u2019utilisation ci-apr\u00e8s d\u00e9crites. Ces conditions d\u2019utilisation sont susceptibles d\u2019\u00eatre modifi\u00e9es<br \/>\nou compl\u00e9t\u00e9es \u00e0 tout moment, les utilisateurs du site sont donc invit\u00e9s \u00e0 les consulter de<br \/>\nmani\u00e8re r\u00e9guli\u00e8re.<br \/>\nLe site est mis \u00e0 jour r\u00e9guli\u00e8rement par l'association LES THEATRUCS. De la m\u00eame fa\u00e7on, les mentions l\u00e9gales<br \/>\npeuvent \u00eatre modifi\u00e9es \u00e0 tout moment : elles s\u2019imposent n\u00e9anmoins \u00e0 l\u2019utilisateur qui est<br \/>\ninvit\u00e9 \u00e0 s\u2019y r\u00e9f\u00e9rer le plus souvent possible afin d\u2019en prendre connaissance.<\/p>\n<p><strong>SERVICES FOURNIS<\/strong><br \/>\nL'association LES THEATRUCS s\u2019efforce de fournir sur le site des informations aussi pr\u00e9cises que possible.<br \/>\nToutefois, elle ne pourra \u00eatre tenue responsable des omissions, des inexactitudes et des<br \/>\ncarences dans la mise \u00e0 jour, qu\u2019elles soient de son fait ou du fait des tiers partenaires qui lui<br \/>\nfournissent ces informations.<br \/>\nTous les informations indiqu\u00e9es sur le site https:\/\/theatrucs.ovh\/ sont donn\u00e9es \u00e0 titre indicatif,<br \/>\net sont susceptibles d\u2019\u00e9voluer. Aussi, toutes les informations indiqu\u00e9es sur le site Site<br \/>\nhttps:\/\/theatrucs.ovh\/ sont donn\u00e9es \u00e0 titre indicatif, et sont susceptibles de changer ou<br \/>\nd\u2019\u00e9voluer sans pr\u00e9avis.<br \/>\nSi vous constatez une lacune, erreur ou ce qui parait \u00eatre un dysfonctionnement, merci de<br \/>\nbien vouloir le signaler par email, \u00e0 l\u2019adresse theatrucsguichen@yahoo.com, en d\u00e9crivant le<br \/>\nprobl\u00e8me de la mani\u00e8re la plus pr\u00e9cise possible (vous vous trouver sur un t\u00e9l\u00e9phone, une<br \/>\ntablette ou bien un ordinateur ; nom de la page qui pose probl\u00e8me, type de syst\u00e8me<br \/>\nd\u2019exploitation, navigateur utilis\u00e9,\u2026).<br \/>\nL'association LES THEATRUCS n\u2019est en aucun cas responsable de l\u2019utilisation faite de ces informations, et de tout pr\u00e9judice direct ou indirect pouvant en d\u00e9couler.<\/p>\n<p><strong>PROPRIETE INTELLECTUELLE ET CONTREFACONS<\/strong><br \/>\nL'association LES THEATRUCS est le propri\u00e9taire des droits de propri\u00e9t\u00e9 intellectuelle ou d\u00e9tient les droits d\u2019usage sur tous les \u00e9l\u00e9ments accessibles sur le site, notamment les textes, images,<br \/>\ngraphismes, logo, ic\u00f4nes, sons, logiciels.<br \/>\nToute reproduction, repr\u00e9sentation, modification, publication, distribution, retransmission,<br \/>\nadaptation de tout ou partie des \u00e9l\u00e9ments du site, quel que soit le moyen ou le proc\u00e9d\u00e9<br \/>\nutilis\u00e9, est interdite, sauf autorisation \u00e9crite pr\u00e9alable de : https:\/\/theatrucs.ovh\/.<br \/>\nToute exploitation non autoris\u00e9e du site ou de l\u2019un quelconque des \u00e9l\u00e9ments qu\u2019il contient,<br \/>\npar quelque proc\u00e9d\u00e9 que ce soit, sera consid\u00e9r\u00e9e comme constitutive d\u2019une contrefa\u00e7on et<br \/>\npoursuivie conform\u00e9ment aux dispositions des articles L.335-2 et suivants du Code de<br \/>\nPropri\u00e9t\u00e9 Intellectuelle.<br \/>\nLe non-respect de cette interdiction constitue une contrefa\u00e7on pouvant engager la<br \/>\nresponsabilit\u00e9 civile et p\u00e9nale du contrefacteur. En outre, les propri\u00e9taires des Contenus<br \/>\ncopi\u00e9s pourraient intenter une action en justice \u00e0 votre encontre.<\/p>\n<p><strong>LIMITATIONS DE RESPONSABILITES<\/strong><br \/>\nL\u2019utilisateur du site s\u2019engage \u00e0 acc\u00e9der au site en utilisant un mat\u00e9riel r\u00e9cent, ne contenant<br \/>\npas de virus et avec un navigateur de derni\u00e8re g\u00e9n\u00e9ration mis-\u00e0-jour.<br \/>\nL'association LES THEATRUCS ne pourra \u00eatre tenue responsable des dommages directs et indirects caus\u00e9s au mat\u00e9riel de l\u2019utilisateur, lors de l\u2019acc\u00e8s au site https:\/\/theatrucs.ovh\/, et r\u00e9sultant soit de l\u2019utilisation d\u2019un mat\u00e9riel ne r\u00e9pondant pas aux sp\u00e9cifications indiqu\u00e9es ci-dessus, soit de<br \/>\nl\u2019apparition d\u2019un bug ou d\u2019une incompatibilit\u00e9.<br \/>\nL'association LES THEATRUCS ne pourra \u00e9galement \u00eatre tenue responsable des dommages indirects (tels par exemple qu\u2019une perte de march\u00e9 ou perte d\u2019une chance) cons\u00e9cutifs \u00e0 l\u2019utilisation du site https:\/\/theatrucs.ovh\/.<br \/>\nDes espaces interactifs (possibilit\u00e9 de poser des questions dans l\u2019espace contact) sont \u00e0 la<br \/>\ndisposition des utilisateurs. L'association LES THEATRUCS se r\u00e9serve le droit de supprimer, sans mise en demeure pr\u00e9alable, tout contenu d\u00e9pos\u00e9 dans cet espace qui contreviendrait \u00e0 la l\u00e9gislation<br \/>\napplicable en France, en particulier aux dispositions relatives \u00e0 la protection des donn\u00e9es.<br \/>\nLe cas \u00e9ch\u00e9ant, L'association LES THEATRUCS se r\u00e9serve aussi la possibilit\u00e9 de mettre en cause la responsabilit\u00e9 civile et\/ou p\u00e9nale de l\u2019utilisateur, notamment en cas de message \u00e0 caract\u00e8re<br \/>\ndiffamant, raciste, injurieux ou pornographique, quel que soit le support utilis\u00e9 (texte, vid\u00e9o,<br \/>\nphotographie\u2026).<\/p>\n<p><strong>Gestion des donn\u00e9es personnelles.<\/strong><br \/>\nEn France, les donn\u00e9es personnelles sont notamment prot\u00e9g\u00e9es par la loi n\u00b0 78-87 du 6<br \/>\njanvier 1978, la loi n\u00b0 2004-801 du 6 ao\u00fbt 2004, l\u2019article L. 226-13 du Code p\u00e9nal et la Directive<br \/>\nEurop\u00e9enne du 24 octobre 1995.<br \/>\nA l\u2019occasion de l\u2019utilisation du site https:\/\/theatrucs.ovh\/, peuvent \u00eatre recueillies : l\u2019URL des<br \/>\nliens par l\u2019interm\u00e9diaire desquels l\u2019utilisateur a acc\u00e9d\u00e9 \u00e0 ce site, le fournisseur d\u2019acc\u00e8s de<br \/>\nl\u2019utilisateur, l\u2019adresse de protocole Internet (IP) de l\u2019utilisateur.<br \/>\nEn tout \u00e9tat de cause, L'association LES THEATRUCS ne collecte des informations personnelles relatives \u00e0 l\u2019utilisateur que pour le besoin de certains services propos\u00e9s par le site<br \/>\nhttps:\/\/theatrucs.ovh\/. L\u2019utilisateur fournit ces informations en toute connaissance de cause,<br \/>\nnotamment lorsqu\u2019il proc\u00e8de par lui-m\u00eame \u00e0 leur saisie. Il est alors pr\u00e9cis\u00e9 \u00e0 l\u2019utilisateur du<br \/>\nsite https:\/\/theatrucs.ovh\/ l\u2019obligation ou non de fournir ces informations.<br \/>\nConform\u00e9ment aux dispositions des articles 38 et suivants de la loi 78-17 du 6 janvier 1978<br \/>\nrelative \u00e0 l\u2019informatique, aux fichiers et aux libert\u00e9s, tout utilisateur dispose d\u2019un droit d\u2019acc\u00e8s,<br \/>\nde rectification et d\u2019opposition aux donn\u00e9es personnelles le concernant, en effectuant sa<br \/>\ndemande \u00e9crite et sign\u00e9e, accompagn\u00e9e d\u2019une copie du titre d\u2019identit\u00e9 avec signature du<br \/>\ntitulaire de la pi\u00e8ce, en pr\u00e9cisant l\u2019adresse \u00e0 laquelle la r\u00e9ponse doit \u00eatre envoy\u00e9e.<br \/>\nAucune information personnelle de l\u2019utilisateur du site https:\/\/theatrucs.ovh\/ n\u2019est publi\u00e9e \u00e0<br \/>\nl\u2019insu de l\u2019utilisateur, \u00e9chang\u00e9e, transf\u00e9r\u00e9e, c\u00e9d\u00e9e ou vendue sur un support quelconque \u00e0<br \/>\ndes tiers. Seule l\u2019hypoth\u00e8se du rachat de L'association LES THEATRUCS et\/ou du site internet de ses droits permettrait la transmission des dites informations \u00e0 l\u2019\u00e9ventuel acqu\u00e9reur qui serait \u00e0 son tour tenu de la m\u00eame obligation de conservation et de modification des donn\u00e9es vis \u00e0 vis de<br \/>\nl\u2019utilisateur du site.<br \/>\nLes bases de donn\u00e9es sont prot\u00e9g\u00e9es par les dispositions de la loi du 1er juillet 1998<br \/>\ntransposant la directive 96\/9 du 11 mars 1996 relative \u00e0 la protection juridique des bases de<br \/>\ndonn\u00e9es.<\/p>\n<p><strong>LIENS HYPERTEXTES ET COOKIES<\/strong><br \/>\nLe site https:\/\/theatrucs.ovh\/ peut contenir un certain nombre de liens hypertextes vers<br \/>\nd\u2019autres sites, mis en place avec l\u2019autorisation de L'association LES THEATRUCS.<br \/>\nCependant, L'association LES THEATRUCS n\u2019a pas la possibilit\u00e9 de v\u00e9rifier le contenu des sites ainsi visit\u00e9s, et n\u2019assumera en cons\u00e9quence aucune responsabilit\u00e9 de ce fait.<br \/>\nLa navigation sur le site https:\/\/theatrucs.ovh\/ est susceptible de provoquer l\u2019installation de<br \/>\ncookie(s) sur l\u2019ordinateur de l\u2019utilisateur.<br \/>\nUn cookie est un fichier de petite taille, qui ne permet pas l\u2019identification de l\u2019utilisateur, mais<br \/>\nqui enregistre des informations relatives \u00e0 la navigation d\u2019un ordinateur sur un site. Les<br \/>\ndonn\u00e9es ainsi obtenues visent \u00e0 faciliter la navigation ult\u00e9rieure sur le site, et ont \u00e9galement<br \/>\nvocation \u00e0 permettre diverses mesures de fr\u00e9quentation.<br \/>\nLe refus d\u2019installation d\u2019un cookie peut entra\u00eener l\u2019impossibilit\u00e9 d\u2019acc\u00e9der \u00e0 certains services.<br \/>\nL\u2019utilisateur peut toutefois configurer son ordinateur de la mani\u00e8re suivante, pour refuser<br \/>\nl\u2019installation des cookies :<br \/>\n\u25cf Sous Internet Explorer : onglet outil (pictogramme en forme de rouage en haut a<br \/>\ndroite) \/ options internet. Cliquez sur Confidentialit\u00e9 et choisissez Bloquer tous les<br \/>\ncookies. Validez sur Ok.<br \/>\n\u25cf Sous Firefox : en haut de la fen\u00eatre du navigateur, cliquez sur le bouton Firefox, puis<br \/>\naller dans l\u2019onglet Options. Cliquer sur l\u2019onglet Vie priv\u00e9e.<br \/>\n\u25cf Param\u00e9trez les R\u00e8gles de conservation sur : utiliser les param\u00e8tres personnalis\u00e9s<br \/>\npour l\u2019historique. Enfin d\u00e9cochez-la pour d\u00e9sactiver les cookies.<br \/>\n\u25cf Sous Safari : Cliquez en haut \u00e0 droite du navigateur sur le pictogramme de menu<br \/>\n(symbolis\u00e9 par un rouage). S\u00e9lectionnez Param\u00e8tres. Cliquez sur Afficher les<br \/>\nparam\u00e8tres avanc\u00e9s. Dans la section \u201cConfidentialit\u00e9\u201d, cliquez sur Param\u00e8tres de<br \/>\ncontenu. Dans la section \u201cCookies\u201d, vous pouvez bloquer les cookies.<br \/>\n\u25cf Sous Chrome : Cliquez en haut \u00e0 droite du navigateur sur le pictogramme de menu<br \/>\n(symbolis\u00e9 par trois lignes horizontales). S\u00e9lectionnez Param\u00e8tres. Cliquez sur Afficher<br \/>\nles param\u00e8tres avanc\u00e9s. Dans la section \u201cConfidentialit\u00e9\u201d, cliquez sur pr\u00e9f\u00e9rences.<br \/>\nDans l\u2019onglet \u201cConfidentialit\u00e9\u201d, vous pouvez bloquer les cookies.<br \/>\nLes liens hypertextes mis en place dans le cadre du pr\u00e9sent site internet en direction d'autres<br \/>\nressources pr\u00e9sentes sur le r\u00e9seau Internet ne sauraient engager la responsabilit\u00e9 de L'association LES THEATRUCS.<br \/>\nTout contenu t\u00e9l\u00e9charg\u00e9 se fait aux risques et p\u00e9rils de l'utilisateur et sous sa seule<br \/>\nresponsabilit\u00e9. En cons\u00e9quence, L'association LES THEATRUCS ne saurait \u00eatre tenu responsable d'un quelconque dommage subi par l'ordinateur de l'utilisateur ou d'une quelconque perte de<br \/>\ndonn\u00e9es cons\u00e9cutives au t\u00e9l\u00e9chargement.<\/p>\n<p><strong>DROIT APPLICABLE ET ATTRIBUTION DE JURIDICTION<\/strong><br \/>\nLes pr\u00e9sentes conditions du site https:\/\/theatrucs.ovh\/ sont r\u00e9gies par les lois fran\u00e7aises et<br \/>\ntoute contestation ou litiges qui pourraient na\u00eetre de l'interpr\u00e9tation ou de l'ex\u00e9cution de<br \/>\ncelles-ci seront de la comp\u00e9tence exclusive des tribunaux dont d\u00e9pend le si\u00e8ge social de la<br \/>\nsoci\u00e9t\u00e9 L'association LES THEATRUCS. La langue de r\u00e9f\u00e9rence, pour le r\u00e8glement de contentieux \u00e9ventuels, est le fran\u00e7ais.<\/p>\n<p><strong>LES PRINCIPALES LOIS CONCERNEES<\/strong><br \/>\nLoi n\u00b0 78-17 du 6 janvier 1978, notamment modifi\u00e9e par la loi n\u00b0 2004-801 du 6 ao\u00fbt 2004<br \/>\nrelative \u00e0 l\u2019informatique, aux fichiers et aux libert\u00e9s.<br \/>\nLoi n\u00b0 2004-575 du 21 juin 2004 pour la confiance dans l\u2019\u00e9conomie num\u00e9rique.<\/p>\n<hr \/>\n<p><strong>LEXIQUE<\/strong><br \/>\n\u25cf <strong>Propri\u00e9taire du site<\/strong> : Responsable l\u00e9gal des informations contenues dans le site<br \/>\ninternet<br \/>\n\u25cf <strong>Webmaster<\/strong> : Personne en charge du maintien technique et des mises \u00e0 jour<br \/>\ntechniques du site internet<br \/>\n\u25cf <strong>Responsable publication<\/strong> : Personne en charge de la mise \u00e0 jour des contenus (textes,<br \/>\nvisuels, multim\u00e9dia, etc.) sur le site internet<br \/>\n\u25cf <strong>H\u00e9bergeur<\/strong> : Espace de stockage du site internet<br \/>\n\u25cf <strong>Utilisateur<\/strong> : Internaute se connectant, utilisant le site susnomm\u00e9.<br \/>\n\u25cf <strong>Informations personnelles<\/strong> : \u00ab les informations qui permettent, sous quelque forme<br \/>\nque ce soit, directement ou non, l\u2019identification des personnes physiques<br \/>\nauxquelles elles s\u2019appliquent \u00bb (article 4 de la loi n\u00b0 78-17 du 6 janvier 1978).<\/p>\n<\/div>\n<\/div><\/div><\/div><\/div><\/div>","protected":false},"excerpt":{"rendered":"<p>PRESENTATION DU SITE En vertu de l\u2019article 6 de la loi n\u00b0 2004-575 du 21 juin 2004 pour la confiance dans l\u2019\u00e9conomie num\u00e9rique, les diff\u00e9rents intervenants du site dans le cadre de sa r\u00e9alisation et de son suivi : \u25cf Propri\u00e9taire : LES TH\u00c9\u00c2TRUCS Le propri\u00e9taire du site internet est joignable \u00e0 cette adresse : theatrucsguichen@yahoo.com \u25cf Adresse : Place<\/p>\n<p><a class=\"more-link\" href=\"https:\/\/theatrucs.ovh\/index.php\/mentions-legales\/\">Read More<\/a><\/p>\n","protected":false},"author":1,"featured_media":0,"parent":0,"menu_order":0,"comment_status":"closed","ping_status":"closed","template":"","meta":{"footnotes":""},"class_list":["post-85","page","type-page","status-publish","hentry"],"yoast_head":"<!-- This site is optimized with the Yoast SEO plugin v27.3 - https:\/\/yoast.com\/product\/yoast-seo-wordpress\/ -->\n<title>Mentions l\u00e9gales - Les Th\u00e9\u00e2trucs<\/title>\n<meta name=\"robots\" content=\"index, follow, max-snippet:-1, max-image-preview:large, max-video-preview:-1\" \/>\n<link rel=\"canonical\" href=\"https:\/\/theatrucs.ovh\/index.php\/mentions-legales\/\" \/>\n<meta property=\"og:locale\" content=\"fr_FR\" \/>\n<meta property=\"og:type\" content=\"article\" \/>\n<meta property=\"og:title\" content=\"Mentions l\u00e9gales - Les Th\u00e9\u00e2trucs\" \/>\n<meta property=\"og:description\" content=\"PRESENTATION DU SITE En vertu de l\u2019article 6 de la loi n\u00b0 2004-575 du 21 juin 2004 pour la confiance dans l\u2019\u00e9conomie num\u00e9rique, les diff\u00e9rents intervenants du site dans le cadre de sa r\u00e9alisation et de son suivi : \u25cf Propri\u00e9taire : LES TH\u00c9\u00c2TRUCS Le propri\u00e9taire du site internet est joignable \u00e0 cette adresse : theatrucsguichen@yahoo.com \u25cf Adresse : PlaceRead More\" \/>\n<meta property=\"og:url\" content=\"https:\/\/theatrucs.ovh\/index.php\/mentions-legales\/\" \/>\n<meta property=\"og:site_name\" content=\"Les Th\u00e9\u00e2trucs\" \/>\n<meta property=\"article:publisher\" content=\"https:\/\/www.facebook.com\/Theatrucs\" \/>\n<meta property=\"article:modified_time\" content=\"2023-10-03T08:14:36+00:00\" \/>\n<meta name=\"twitter:card\" content=\"summary_large_image\" \/>\n<meta name=\"twitter:label1\" content=\"Dur\u00e9e de lecture estim\u00e9e\" \/>\n\t<meta name=\"twitter:data1\" content=\"9 minutes\" \/>\n<script type=\"application\/ld+json\" class=\"yoast-schema-graph\">{\"@context\":\"https:\\\/\\\/schema.org\",\"@graph\":[{\"@type\":\"WebPage\",\"@id\":\"https:\\\/\\\/theatrucs.ovh\\\/index.php\\\/mentions-legales\\\/\",\"url\":\"https:\\\/\\\/theatrucs.ovh\\\/index.php\\\/mentions-legales\\\/\",\"name\":\"Mentions l\u00e9gales - Les Th\u00e9\u00e2trucs\",\"isPartOf\":{\"@id\":\"https:\\\/\\\/theatrucs.ovh\\\/#website\"},\"datePublished\":\"2023-10-02T14:27:24+00:00\",\"dateModified\":\"2023-10-03T08:14:36+00:00\",\"breadcrumb\":{\"@id\":\"https:\\\/\\\/theatrucs.ovh\\\/index.php\\\/mentions-legales\\\/#breadcrumb\"},\"inLanguage\":\"fr-FR\",\"potentialAction\":[{\"@type\":\"ReadAction\",\"target\":[\"https:\\\/\\\/theatrucs.ovh\\\/index.php\\\/mentions-legales\\\/\"]}]},{\"@type\":\"BreadcrumbList\",\"@id\":\"https:\\\/\\\/theatrucs.ovh\\\/index.php\\\/mentions-legales\\\/#breadcrumb\",\"itemListElement\":[{\"@type\":\"ListItem\",\"position\":1,\"name\":\"Accueil\",\"item\":\"https:\\\/\\\/theatrucs.ovh\\\/\"},{\"@type\":\"ListItem\",\"position\":2,\"name\":\"Mentions l\u00e9gales\"}]},{\"@type\":\"WebSite\",\"@id\":\"https:\\\/\\\/theatrucs.ovh\\\/#website\",\"url\":\"https:\\\/\\\/theatrucs.ovh\\\/\",\"name\":\"Les Th\u00e9\u00e2trucs\",\"description\":\"Ateliers de th\u00e9\u00e2tre pour enfants et adultes \u00e0 Guichen (35)\",\"publisher\":{\"@id\":\"https:\\\/\\\/theatrucs.ovh\\\/#organization\"},\"potentialAction\":[{\"@type\":\"SearchAction\",\"target\":{\"@type\":\"EntryPoint\",\"urlTemplate\":\"https:\\\/\\\/theatrucs.ovh\\\/?s={search_term_string}\"},\"query-input\":{\"@type\":\"PropertyValueSpecification\",\"valueRequired\":true,\"valueName\":\"search_term_string\"}}],\"inLanguage\":\"fr-FR\"},{\"@type\":\"Organization\",\"@id\":\"https:\\\/\\\/theatrucs.ovh\\\/#organization\",\"name\":\"Les Th\u00e9\u00e2trucs\",\"url\":\"https:\\\/\\\/theatrucs.ovh\\\/\",\"logo\":{\"@type\":\"ImageObject\",\"inLanguage\":\"fr-FR\",\"@id\":\"https:\\\/\\\/theatrucs.ovh\\\/#\\\/schema\\\/logo\\\/image\\\/\",\"url\":\"https:\\\/\\\/theatrucs.ovh\\\/wp-content\\\/uploads\\\/2023\\\/10\\\/logo-theatrucs2.png\",\"contentUrl\":\"https:\\\/\\\/theatrucs.ovh\\\/wp-content\\\/uploads\\\/2023\\\/10\\\/logo-theatrucs2.png\",\"width\":238,\"height\":238,\"caption\":\"Les Th\u00e9\u00e2trucs\"},\"image\":{\"@id\":\"https:\\\/\\\/theatrucs.ovh\\\/#\\\/schema\\\/logo\\\/image\\\/\"},\"sameAs\":[\"https:\\\/\\\/www.facebook.com\\\/Theatrucs\"]}]}<\/script>\n<!-- \/ Yoast SEO plugin. -->","yoast_head_json":{"title":"Mentions l\u00e9gales - Les Th\u00e9\u00e2trucs","robots":{"index":"index","follow":"follow","max-snippet":"max-snippet:-1","max-image-preview":"max-image-preview:large","max-video-preview":"max-video-preview:-1"},"canonical":"https:\/\/theatrucs.ovh\/index.php\/mentions-legales\/","og_locale":"fr_FR","og_type":"article","og_title":"Mentions l\u00e9gales - Les Th\u00e9\u00e2trucs","og_description":"PRESENTATION DU SITE En vertu de l\u2019article 6 de la loi n\u00b0 2004-575 du 21 juin 2004 pour la confiance dans l\u2019\u00e9conomie num\u00e9rique, les diff\u00e9rents intervenants du site dans le cadre de sa r\u00e9alisation et de son suivi : \u25cf Propri\u00e9taire : LES TH\u00c9\u00c2TRUCS Le propri\u00e9taire du site internet est joignable \u00e0 cette adresse : theatrucsguichen@yahoo.com \u25cf Adresse : PlaceRead More","og_url":"https:\/\/theatrucs.ovh\/index.php\/mentions-legales\/","og_site_name":"Les Th\u00e9\u00e2trucs","article_publisher":"https:\/\/www.facebook.com\/Theatrucs","article_modified_time":"2023-10-03T08:14:36+00:00","twitter_card":"summary_large_image","twitter_misc":{"Dur\u00e9e de lecture estim\u00e9e":"9 minutes"},"schema":{"@context":"https:\/\/schema.org","@graph":[{"@type":"WebPage","@id":"https:\/\/theatrucs.ovh\/index.php\/mentions-legales\/","url":"https:\/\/theatrucs.ovh\/index.php\/mentions-legales\/","name":"Mentions l\u00e9gales - Les Th\u00e9\u00e2trucs","isPartOf":{"@id":"https:\/\/theatrucs.ovh\/#website"},"datePublished":"2023-10-02T14:27:24+00:00","dateModified":"2023-10-03T08:14:36+00:00","breadcrumb":{"@id":"https:\/\/theatrucs.ovh\/index.php\/mentions-legales\/#breadcrumb"},"inLanguage":"fr-FR","potentialAction":[{"@type":"ReadAction","target":["https:\/\/theatrucs.ovh\/index.php\/mentions-legales\/"]}]},{"@type":"BreadcrumbList","@id":"https:\/\/theatrucs.ovh\/index.php\/mentions-legales\/#breadcrumb","itemListElement":[{"@type":"ListItem","position":1,"name":"Accueil","item":"https:\/\/theatrucs.ovh\/"},{"@type":"ListItem","position":2,"name":"Mentions l\u00e9gales"}]},{"@type":"WebSite","@id":"https:\/\/theatrucs.ovh\/#website","url":"https:\/\/theatrucs.ovh\/","name":"Les Th\u00e9\u00e2trucs","description":"Ateliers de th\u00e9\u00e2tre pour enfants et adultes \u00e0 Guichen (35)","publisher":{"@id":"https:\/\/theatrucs.ovh\/#organization"},"potentialAction":[{"@type":"SearchAction","target":{"@type":"EntryPoint","urlTemplate":"https:\/\/theatrucs.ovh\/?s={search_term_string}"},"query-input":{"@type":"PropertyValueSpecification","valueRequired":true,"valueName":"search_term_string"}}],"inLanguage":"fr-FR"},{"@type":"Organization","@id":"https:\/\/theatrucs.ovh\/#organization","name":"Les Th\u00e9\u00e2trucs","url":"https:\/\/theatrucs.ovh\/","logo":{"@type":"ImageObject","inLanguage":"fr-FR","@id":"https:\/\/theatrucs.ovh\/#\/schema\/logo\/image\/","url":"https:\/\/theatrucs.ovh\/wp-content\/uploads\/2023\/10\/logo-theatrucs2.png","contentUrl":"https:\/\/theatrucs.ovh\/wp-content\/uploads\/2023\/10\/logo-theatrucs2.png","width":238,"height":238,"caption":"Les Th\u00e9\u00e2trucs"},"image":{"@id":"https:\/\/theatrucs.ovh\/#\/schema\/logo\/image\/"},"sameAs":["https:\/\/www.facebook.com\/Theatrucs"]}]}},"_links":{"self":[{"href":"https:\/\/theatrucs.ovh\/index.php\/wp-json\/wp\/v2\/pages\/85","targetHints":{"allow":["GET"]}}],"collection":[{"href":"https:\/\/theatrucs.ovh\/index.php\/wp-json\/wp\/v2\/pages"}],"about":[{"href":"https:\/\/theatrucs.ovh\/index.php\/wp-json\/wp\/v2\/types\/page"}],"author":[{"embeddable":true,"href":"https:\/\/theatrucs.ovh\/index.php\/wp-json\/wp\/v2\/users\/1"}],"replies":[{"embeddable":true,"href":"https:\/\/theatrucs.ovh\/index.php\/wp-json\/wp\/v2\/comments?post=85"}],"version-history":[{"count":2,"href":"https:\/\/theatrucs.ovh\/index.php\/wp-json\/wp\/v2\/pages\/85\/revisions"}],"predecessor-version":[{"id":128,"href":"https:\/\/theatrucs.ovh\/index.php\/wp-json\/wp\/v2\/pages\/85\/revisions\/128"}],"wp:attachment":[{"href":"https:\/\/theatrucs.ovh\/index.php\/wp-json\/wp\/v2\/media?parent=85"}],"curies":[{"name":"wp","href":"https:\/\/api.w.org\/{rel}","templated":true}]}}