{"id":64,"date":"2023-10-02T11:13:46","date_gmt":"2023-10-02T09:13:46","guid":{"rendered":"https:\/\/theatrucs.ovh\/?page_id=64"},"modified":"2026-04-03T11:58:24","modified_gmt":"2026-04-03T09:58:24","slug":"dans-le-retro","status":"publish","type":"page","link":"https:\/\/theatrucs.ovh\/index.php\/dans-le-retro\/","title":{"rendered":"Dans le r\u00e9tro"},"content":{"rendered":"<div id=\"pl-64\"  class=\"panel-layout\" ><div id=\"pg-64-0\"  class=\"panel-grid panel-no-style\" ><div id=\"pgc-64-0-0\"  class=\"panel-grid-cell\" ><div id=\"panel-64-0-0-0\" class=\"so-panel widget widget_sow-image panel-first-child panel-last-child\" data-index=\"0\" ><div\n\t\t\t\n\t\t\tclass=\"so-widget-sow-image so-widget-sow-image-default-8b5b6f678277-64\"\n\t\t\t\n\t\t><h3 class=\"widget-title\">Grand Spectacle 2026<\/h3>\n<div class=\"sow-image-container\">\n\t\t<img \n\tsrc=\"https:\/\/theatrucs.ovh\/wp-content\/uploads\/2026\/04\/AFFICHE_SPECTACLE_2026_web.png\" width=\"1500\" height=\"2113\" srcset=\"https:\/\/theatrucs.ovh\/wp-content\/uploads\/2026\/04\/AFFICHE_SPECTACLE_2026_web.png 1500w, https:\/\/theatrucs.ovh\/wp-content\/uploads\/2026\/04\/AFFICHE_SPECTACLE_2026_web-213x300.png 213w, https:\/\/theatrucs.ovh\/wp-content\/uploads\/2026\/04\/AFFICHE_SPECTACLE_2026_web-727x1024.png 727w, https:\/\/theatrucs.ovh\/wp-content\/uploads\/2026\/04\/AFFICHE_SPECTACLE_2026_web-768x1082.png 768w, https:\/\/theatrucs.ovh\/wp-content\/uploads\/2026\/04\/AFFICHE_SPECTACLE_2026_web-1090x1536.png 1090w, https:\/\/theatrucs.ovh\/wp-content\/uploads\/2026\/04\/AFFICHE_SPECTACLE_2026_web-1454x2048.png 1454w, https:\/\/theatrucs.ovh\/wp-content\/uploads\/2026\/04\/AFFICHE_SPECTACLE_2026_web-800x1127.png 800w\" sizes=\"(max-width: 1500px) 100vw, 1500px\" title=\"Grand Spectacle 2026\" alt=\"Les Theatrucs, affiche 2026\" \t\tclass=\"so-widget-image\"\/>\n\t<\/div>\n\n<\/div><\/div><\/div><div id=\"pgc-64-0-1\"  class=\"panel-grid-cell\" ><div id=\"panel-64-0-1-0\" class=\"so-panel widget widget_sow-image panel-first-child panel-last-child\" data-index=\"1\" ><div\n\t\t\t\n\t\t\tclass=\"so-widget-sow-image so-widget-sow-image-default-8b5b6f678277-64\"\n\t\t\t\n\t\t><h3 class=\"widget-title\">Grand Spectacle 2026<\/h3>\n<div class=\"sow-image-container\">\n\t\t<img \n\tsrc=\"https:\/\/theatrucs.ovh\/wp-content\/uploads\/2026\/04\/Affiche-Theatrus2026-A4-Adultes-v3_WEB-F-scaled.jpg\" width=\"1822\" height=\"2560\" srcset=\"https:\/\/theatrucs.ovh\/wp-content\/uploads\/2026\/04\/Affiche-Theatrus2026-A4-Adultes-v3_WEB-F-scaled.jpg 1822w, https:\/\/theatrucs.ovh\/wp-content\/uploads\/2026\/04\/Affiche-Theatrus2026-A4-Adultes-v3_WEB-F-214x300.jpg 214w, https:\/\/theatrucs.ovh\/wp-content\/uploads\/2026\/04\/Affiche-Theatrus2026-A4-Adultes-v3_WEB-F-729x1024.jpg 729w, https:\/\/theatrucs.ovh\/wp-content\/uploads\/2026\/04\/Affiche-Theatrus2026-A4-Adultes-v3_WEB-F-768x1079.jpg 768w, https:\/\/theatrucs.ovh\/wp-content\/uploads\/2026\/04\/Affiche-Theatrus2026-A4-Adultes-v3_WEB-F-1093x1536.jpg 1093w, https:\/\/theatrucs.ovh\/wp-content\/uploads\/2026\/04\/Affiche-Theatrus2026-A4-Adultes-v3_WEB-F-1458x2048.jpg 1458w, https:\/\/theatrucs.ovh\/wp-content\/uploads\/2026\/04\/Affiche-Theatrus2026-A4-Adultes-v3_WEB-F-800x1124.jpg 800w\" sizes=\"(max-width: 1822px) 100vw, 1822px\" title=\"Grand Spectacle 2026\" alt=\"Les Theatrucs, affiche 2026\" \t\tclass=\"so-widget-image\"\/>\n\t<\/div>\n\n<\/div><\/div><\/div><\/div><div id=\"pg-64-1\"  class=\"panel-grid panel-no-style\" ><div id=\"pgc-64-1-0\"  class=\"panel-grid-cell\" ><div id=\"panel-64-1-0-0\" class=\"so-panel widget widget_sow-image panel-first-child panel-last-child\" data-index=\"2\" ><div\n\t\t\t\n\t\t\tclass=\"so-widget-sow-image so-widget-sow-image-default-8b5b6f678277-64\"\n\t\t\t\n\t\t><h3 class=\"widget-title\">Grand Spectacle 2025<\/h3>\n<div class=\"sow-image-container\">\n\t\t<img \n\tsrc=\"https:\/\/theatrucs.ovh\/wp-content\/uploads\/2025\/09\/AFFICHE_SPECTACLE_ADULTE-2025_web.jpg\" width=\"909\" height=\"1280\" srcset=\"https:\/\/theatrucs.ovh\/wp-content\/uploads\/2025\/09\/AFFICHE_SPECTACLE_ADULTE-2025_web.jpg 909w, https:\/\/theatrucs.ovh\/wp-content\/uploads\/2025\/09\/AFFICHE_SPECTACLE_ADULTE-2025_web-213x300.jpg 213w, https:\/\/theatrucs.ovh\/wp-content\/uploads\/2025\/09\/AFFICHE_SPECTACLE_ADULTE-2025_web-727x1024.jpg 727w, https:\/\/theatrucs.ovh\/wp-content\/uploads\/2025\/09\/AFFICHE_SPECTACLE_ADULTE-2025_web-768x1081.jpg 768w, https:\/\/theatrucs.ovh\/wp-content\/uploads\/2025\/09\/AFFICHE_SPECTACLE_ADULTE-2025_web-800x1127.jpg 800w\" sizes=\"(max-width: 909px) 100vw, 909px\" title=\"Grand Spectacle 2025\" alt=\"Les Theatrucs, affiche 2025\" \t\tclass=\"so-widget-image\"\/>\n\t<\/div>\n\n<\/div><\/div><\/div><div id=\"pgc-64-1-1\"  class=\"panel-grid-cell\" ><div id=\"panel-64-1-1-0\" class=\"so-panel widget widget_sow-image panel-first-child panel-last-child\" data-index=\"3\" ><div\n\t\t\t\n\t\t\tclass=\"so-widget-sow-image so-widget-sow-image-default-8b5b6f678277-64\"\n\t\t\t\n\t\t><h3 class=\"widget-title\">Grand Spectacle 2024<\/h3>\n<div class=\"sow-image-container\">\n\t\t<img \n\tsrc=\"https:\/\/theatrucs.ovh\/wp-content\/uploads\/2025\/09\/affiche-theatrucs2024-A4-v2-web.jpg\" width=\"1367\" height=\"1920\" srcset=\"https:\/\/theatrucs.ovh\/wp-content\/uploads\/2025\/09\/affiche-theatrucs2024-A4-v2-web.jpg 1367w, https:\/\/theatrucs.ovh\/wp-content\/uploads\/2025\/09\/affiche-theatrucs2024-A4-v2-web-214x300.jpg 214w, https:\/\/theatrucs.ovh\/wp-content\/uploads\/2025\/09\/affiche-theatrucs2024-A4-v2-web-729x1024.jpg 729w, https:\/\/theatrucs.ovh\/wp-content\/uploads\/2025\/09\/affiche-theatrucs2024-A4-v2-web-768x1079.jpg 768w, https:\/\/theatrucs.ovh\/wp-content\/uploads\/2025\/09\/affiche-theatrucs2024-A4-v2-web-1094x1536.jpg 1094w, https:\/\/theatrucs.ovh\/wp-content\/uploads\/2025\/09\/affiche-theatrucs2024-A4-v2-web-800x1124.jpg 800w\" sizes=\"(max-width: 1367px) 100vw, 1367px\" title=\"Grand Spectacle 2024\" alt=\"Les Theatrucs, affiche 2024\" \t\tclass=\"so-widget-image\"\/>\n\t<\/div>\n\n<\/div><\/div><\/div><\/div><div id=\"pg-64-2\"  class=\"panel-grid panel-no-style\" ><div id=\"pgc-64-2-0\"  class=\"panel-grid-cell\" ><div id=\"panel-64-2-0-0\" class=\"so-panel widget widget_sow-image panel-first-child panel-last-child\" data-index=\"4\" ><div\n\t\t\t\n\t\t\tclass=\"so-widget-sow-image so-widget-sow-image-default-8b5b6f678277-64\"\n\t\t\t\n\t\t><h3 class=\"widget-title\">Grand Spectacle 2023<\/h3>\n<div class=\"sow-image-container\">\n\t\t<img \n\tsrc=\"https:\/\/theatrucs.ovh\/wp-content\/uploads\/2023\/10\/Theatrucs-affiche2023-1.jpg\" width=\"425\" height=\"597\" srcset=\"https:\/\/theatrucs.ovh\/wp-content\/uploads\/2023\/10\/Theatrucs-affiche2023-1.jpg 425w, https:\/\/theatrucs.ovh\/wp-content\/uploads\/2023\/10\/Theatrucs-affiche2023-1-214x300.jpg 214w\" sizes=\"(max-width: 425px) 100vw, 425px\" title=\"Grand Spectacle 2023\" alt=\"Les Theatrucs, affiche 2023\" \t\tclass=\"so-widget-image\"\/>\n\t<\/div>\n\n<\/div><\/div><\/div><div id=\"pgc-64-2-1\"  class=\"panel-grid-cell\" ><div id=\"panel-64-2-1-0\" class=\"so-panel widget widget_sow-image panel-first-child panel-last-child\" data-index=\"5\" ><div\n\t\t\t\n\t\t\tclass=\"so-widget-sow-image so-widget-sow-image-default-8b5b6f678277-64\"\n\t\t\t\n\t\t><h3 class=\"widget-title\">Spectacle La Grange 2023<\/h3>\n<div class=\"sow-image-container\">\n\t\t<img \n\tsrc=\"https:\/\/theatrucs.ovh\/wp-content\/uploads\/2023\/10\/Theatrucs-affiche2023-2.jpg\" width=\"425\" height=\"597\" srcset=\"https:\/\/theatrucs.ovh\/wp-content\/uploads\/2023\/10\/Theatrucs-affiche2023-2.jpg 425w, https:\/\/theatrucs.ovh\/wp-content\/uploads\/2023\/10\/Theatrucs-affiche2023-2-214x300.jpg 214w\" sizes=\"(max-width: 425px) 100vw, 425px\" title=\"Spectacle La Grange 2023\" alt=\"Les Theatrucs, affiche La Grange 2023\" \t\tclass=\"so-widget-image\"\/>\n\t<\/div>\n\n<\/div><\/div><\/div><\/div><div id=\"pg-64-3\"  class=\"panel-grid panel-no-style\" ><div id=\"pgc-64-3-0\"  class=\"panel-grid-cell\" ><div id=\"panel-64-3-0-0\" class=\"so-panel widget widget_sow-image panel-first-child panel-last-child\" data-index=\"6\" ><div\n\t\t\t\n\t\t\tclass=\"so-widget-sow-image so-widget-sow-image-default-8b5b6f678277-64\"\n\t\t\t\n\t\t><h3 class=\"widget-title\">Grand Spectacle 2022<\/h3>\n<div class=\"sow-image-container\">\n\t\t<img \n\tsrc=\"https:\/\/theatrucs.ovh\/wp-content\/uploads\/2023\/10\/Theatrucs-affiche2022-2.jpg\" width=\"425\" height=\"597\" srcset=\"https:\/\/theatrucs.ovh\/wp-content\/uploads\/2023\/10\/Theatrucs-affiche2022-2.jpg 425w, https:\/\/theatrucs.ovh\/wp-content\/uploads\/2023\/10\/Theatrucs-affiche2022-2-214x300.jpg 214w\" sizes=\"(max-width: 425px) 100vw, 425px\" title=\"Grand Spectacle 2022\" alt=\"Les Theatrucs, affiche 2022\" \t\tclass=\"so-widget-image\"\/>\n\t<\/div>\n\n<\/div><\/div><\/div><div id=\"pgc-64-3-1\"  class=\"panel-grid-cell\" ><div id=\"panel-64-3-1-0\" class=\"so-panel widget widget_sow-image panel-first-child panel-last-child\" data-index=\"7\" ><div\n\t\t\t\n\t\t\tclass=\"so-widget-sow-image so-widget-sow-image-default-8b5b6f678277-64\"\n\t\t\t\n\t\t><h3 class=\"widget-title\">Spectacle La Grange 2022<\/h3>\n<div class=\"sow-image-container\">\n\t\t<img \n\tsrc=\"https:\/\/theatrucs.ovh\/wp-content\/uploads\/2023\/10\/Theatrucs-affiche2022-1.jpg\" width=\"425\" height=\"597\" srcset=\"https:\/\/theatrucs.ovh\/wp-content\/uploads\/2023\/10\/Theatrucs-affiche2022-1.jpg 425w, https:\/\/theatrucs.ovh\/wp-content\/uploads\/2023\/10\/Theatrucs-affiche2022-1-214x300.jpg 214w\" sizes=\"(max-width: 425px) 100vw, 425px\" title=\"Spectacle La Grange 2022\" alt=\"Les Theatrucs, affiche La Grange 2022\" \t\tclass=\"so-widget-image\"\/>\n\t<\/div>\n\n<\/div><\/div><\/div><\/div><div id=\"pg-64-4\"  class=\"panel-grid panel-no-style\" ><div id=\"pgc-64-4-0\"  class=\"panel-grid-cell\" ><div id=\"panel-64-4-0-0\" class=\"so-panel widget widget_sow-editor panel-first-child panel-last-child\" data-index=\"8\" ><div\n\t\t\t\n\t\t\tclass=\"so-widget-sow-editor so-widget-sow-editor-base\"\n\t\t\t\n\t\t><h3 class=\"widget-title\">Actualit\u00e9s<\/h3>\n<div class=\"siteorigin-widget-tinymce textwidget\">\n\t<p>Pour suivre l'actualit\u00e9 des Th\u00e9\u00e2trucs, nous vous invitons \u00e0 vous rendre sur notre page <a href=\"https:\/\/www.facebook.com\/Theatrucs\" target=\"_blank\" rel=\"noopener\">Facebook<\/a>.<\/p>\n<p>Bonne visite !<\/p>\n<p>Nos prochaines dates sont, g\u00e9n\u00e9ralement, mises en avant sur la <a href=\"https:\/\/theatrucs.ovh\/\">page d'accueil<\/a> de ce site.<\/p>\n<\/div>\n<\/div><\/div><\/div><\/div><\/div>","protected":false},"excerpt":{"rendered":"<p>Grand Spectacle 2026 Grand Spectacle 2026 Grand Spectacle 2025 Grand Spectacle 2024 Grand Spectacle 2023 Spectacle La Grange 2023 Grand Spectacle 2022 Spectacle La Grange 2022 Actualit\u00e9s Pour suivre l&rsquo;actualit\u00e9 des Th\u00e9\u00e2trucs, nous vous invitons \u00e0 vous rendre sur notre page Facebook. Bonne visite ! Nos prochaines dates sont, g\u00e9n\u00e9ralement, mises en avant sur la page d&rsquo;accueil de ce site.<\/p>\n","protected":false},"author":1,"featured_media":0,"parent":0,"menu_order":0,"comment_status":"closed","ping_status":"closed","template":"","meta":{"footnotes":""},"class_list":["post-64","page","type-page","status-publish","hentry"],"yoast_head":"<!-- This site is optimized with the Yoast SEO plugin v27.3 - https:\/\/yoast.com\/product\/yoast-seo-wordpress\/ -->\n<title>Dans le r\u00e9tro - Les Th\u00e9\u00e2trucs<\/title>\n<meta name=\"description\" content=\"Les affiches des pr\u00e9c\u00e9dents spectacles des Th\u00e9\u00e2trucs, con\u00e7ues par nos b\u00e9n\u00e9voles. Rubrique souvenirs !\" \/>\n<meta name=\"robots\" content=\"index, follow, max-snippet:-1, max-image-preview:large, max-video-preview:-1\" \/>\n<link rel=\"canonical\" href=\"https:\/\/theatrucs.ovh\/index.php\/dans-le-retro\/\" \/>\n<meta property=\"og:locale\" content=\"fr_FR\" \/>\n<meta property=\"og:type\" content=\"article\" \/>\n<meta property=\"og:title\" content=\"Dans le r\u00e9tro - Les Th\u00e9\u00e2trucs\" \/>\n<meta property=\"og:description\" content=\"Les affiches des pr\u00e9c\u00e9dents spectacles des Th\u00e9\u00e2trucs, con\u00e7ues par nos b\u00e9n\u00e9voles. Rubrique souvenirs !\" \/>\n<meta property=\"og:url\" content=\"https:\/\/theatrucs.ovh\/index.php\/dans-le-retro\/\" \/>\n<meta property=\"og:site_name\" content=\"Les Th\u00e9\u00e2trucs\" \/>\n<meta property=\"article:publisher\" content=\"https:\/\/www.facebook.com\/Theatrucs\" \/>\n<meta property=\"article:modified_time\" content=\"2026-04-03T09:58:24+00:00\" \/>\n<meta name=\"twitter:card\" content=\"summary_large_image\" \/>\n<meta name=\"twitter:label1\" content=\"Dur\u00e9e de lecture estim\u00e9e\" \/>\n\t<meta name=\"twitter:data1\" content=\"2 minutes\" \/>\n<script type=\"application\/ld+json\" class=\"yoast-schema-graph\">{\"@context\":\"https:\\\/\\\/schema.org\",\"@graph\":[{\"@type\":\"WebPage\",\"@id\":\"https:\\\/\\\/theatrucs.ovh\\\/index.php\\\/dans-le-retro\\\/\",\"url\":\"https:\\\/\\\/theatrucs.ovh\\\/index.php\\\/dans-le-retro\\\/\",\"name\":\"Dans le r\u00e9tro - Les Th\u00e9\u00e2trucs\",\"isPartOf\":{\"@id\":\"https:\\\/\\\/theatrucs.ovh\\\/#website\"},\"datePublished\":\"2023-10-02T09:13:46+00:00\",\"dateModified\":\"2026-04-03T09:58:24+00:00\",\"description\":\"Les affiches des pr\u00e9c\u00e9dents spectacles des Th\u00e9\u00e2trucs, con\u00e7ues par nos b\u00e9n\u00e9voles. Rubrique souvenirs !\",\"breadcrumb\":{\"@id\":\"https:\\\/\\\/theatrucs.ovh\\\/index.php\\\/dans-le-retro\\\/#breadcrumb\"},\"inLanguage\":\"fr-FR\",\"potentialAction\":[{\"@type\":\"ReadAction\",\"target\":[\"https:\\\/\\\/theatrucs.ovh\\\/index.php\\\/dans-le-retro\\\/\"]}]},{\"@type\":\"BreadcrumbList\",\"@id\":\"https:\\\/\\\/theatrucs.ovh\\\/index.php\\\/dans-le-retro\\\/#breadcrumb\",\"itemListElement\":[{\"@type\":\"ListItem\",\"position\":1,\"name\":\"Accueil\",\"item\":\"https:\\\/\\\/theatrucs.ovh\\\/\"},{\"@type\":\"ListItem\",\"position\":2,\"name\":\"Dans le r\u00e9tro\"}]},{\"@type\":\"WebSite\",\"@id\":\"https:\\\/\\\/theatrucs.ovh\\\/#website\",\"url\":\"https:\\\/\\\/theatrucs.ovh\\\/\",\"name\":\"Les Th\u00e9\u00e2trucs\",\"description\":\"Ateliers de th\u00e9\u00e2tre pour enfants et adultes \u00e0 Guichen (35)\",\"publisher\":{\"@id\":\"https:\\\/\\\/theatrucs.ovh\\\/#organization\"},\"potentialAction\":[{\"@type\":\"SearchAction\",\"target\":{\"@type\":\"EntryPoint\",\"urlTemplate\":\"https:\\\/\\\/theatrucs.ovh\\\/?s={search_term_string}\"},\"query-input\":{\"@type\":\"PropertyValueSpecification\",\"valueRequired\":true,\"valueName\":\"search_term_string\"}}],\"inLanguage\":\"fr-FR\"},{\"@type\":\"Organization\",\"@id\":\"https:\\\/\\\/theatrucs.ovh\\\/#organization\",\"name\":\"Les Th\u00e9\u00e2trucs\",\"url\":\"https:\\\/\\\/theatrucs.ovh\\\/\",\"logo\":{\"@type\":\"ImageObject\",\"inLanguage\":\"fr-FR\",\"@id\":\"https:\\\/\\\/theatrucs.ovh\\\/#\\\/schema\\\/logo\\\/image\\\/\",\"url\":\"https:\\\/\\\/theatrucs.ovh\\\/wp-content\\\/uploads\\\/2023\\\/10\\\/logo-theatrucs2.png\",\"contentUrl\":\"https:\\\/\\\/theatrucs.ovh\\\/wp-content\\\/uploads\\\/2023\\\/10\\\/logo-theatrucs2.png\",\"width\":238,\"height\":238,\"caption\":\"Les Th\u00e9\u00e2trucs\"},\"image\":{\"@id\":\"https:\\\/\\\/theatrucs.ovh\\\/#\\\/schema\\\/logo\\\/image\\\/\"},\"sameAs\":[\"https:\\\/\\\/www.facebook.com\\\/Theatrucs\"]}]}<\/script>\n<!-- \/ Yoast SEO plugin. -->","yoast_head_json":{"title":"Dans le r\u00e9tro - Les Th\u00e9\u00e2trucs","description":"Les affiches des pr\u00e9c\u00e9dents spectacles des Th\u00e9\u00e2trucs, con\u00e7ues par nos b\u00e9n\u00e9voles. Rubrique souvenirs !","robots":{"index":"index","follow":"follow","max-snippet":"max-snippet:-1","max-image-preview":"max-image-preview:large","max-video-preview":"max-video-preview:-1"},"canonical":"https:\/\/theatrucs.ovh\/index.php\/dans-le-retro\/","og_locale":"fr_FR","og_type":"article","og_title":"Dans le r\u00e9tro - Les Th\u00e9\u00e2trucs","og_description":"Les affiches des pr\u00e9c\u00e9dents spectacles des Th\u00e9\u00e2trucs, con\u00e7ues par nos b\u00e9n\u00e9voles. Rubrique souvenirs !","og_url":"https:\/\/theatrucs.ovh\/index.php\/dans-le-retro\/","og_site_name":"Les Th\u00e9\u00e2trucs","article_publisher":"https:\/\/www.facebook.com\/Theatrucs","article_modified_time":"2026-04-03T09:58:24+00:00","twitter_card":"summary_large_image","twitter_misc":{"Dur\u00e9e de lecture estim\u00e9e":"2 minutes"},"schema":{"@context":"https:\/\/schema.org","@graph":[{"@type":"WebPage","@id":"https:\/\/theatrucs.ovh\/index.php\/dans-le-retro\/","url":"https:\/\/theatrucs.ovh\/index.php\/dans-le-retro\/","name":"Dans le r\u00e9tro - Les Th\u00e9\u00e2trucs","isPartOf":{"@id":"https:\/\/theatrucs.ovh\/#website"},"datePublished":"2023-10-02T09:13:46+00:00","dateModified":"2026-04-03T09:58:24+00:00","description":"Les affiches des pr\u00e9c\u00e9dents spectacles des Th\u00e9\u00e2trucs, con\u00e7ues par nos b\u00e9n\u00e9voles. Rubrique souvenirs !","breadcrumb":{"@id":"https:\/\/theatrucs.ovh\/index.php\/dans-le-retro\/#breadcrumb"},"inLanguage":"fr-FR","potentialAction":[{"@type":"ReadAction","target":["https:\/\/theatrucs.ovh\/index.php\/dans-le-retro\/"]}]},{"@type":"BreadcrumbList","@id":"https:\/\/theatrucs.ovh\/index.php\/dans-le-retro\/#breadcrumb","itemListElement":[{"@type":"ListItem","position":1,"name":"Accueil","item":"https:\/\/theatrucs.ovh\/"},{"@type":"ListItem","position":2,"name":"Dans le r\u00e9tro"}]},{"@type":"WebSite","@id":"https:\/\/theatrucs.ovh\/#website","url":"https:\/\/theatrucs.ovh\/","name":"Les Th\u00e9\u00e2trucs","description":"Ateliers de th\u00e9\u00e2tre pour enfants et adultes \u00e0 Guichen (35)","publisher":{"@id":"https:\/\/theatrucs.ovh\/#organization"},"potentialAction":[{"@type":"SearchAction","target":{"@type":"EntryPoint","urlTemplate":"https:\/\/theatrucs.ovh\/?s={search_term_string}"},"query-input":{"@type":"PropertyValueSpecification","valueRequired":true,"valueName":"search_term_string"}}],"inLanguage":"fr-FR"},{"@type":"Organization","@id":"https:\/\/theatrucs.ovh\/#organization","name":"Les Th\u00e9\u00e2trucs","url":"https:\/\/theatrucs.ovh\/","logo":{"@type":"ImageObject","inLanguage":"fr-FR","@id":"https:\/\/theatrucs.ovh\/#\/schema\/logo\/image\/","url":"https:\/\/theatrucs.ovh\/wp-content\/uploads\/2023\/10\/logo-theatrucs2.png","contentUrl":"https:\/\/theatrucs.ovh\/wp-content\/uploads\/2023\/10\/logo-theatrucs2.png","width":238,"height":238,"caption":"Les Th\u00e9\u00e2trucs"},"image":{"@id":"https:\/\/theatrucs.ovh\/#\/schema\/logo\/image\/"},"sameAs":["https:\/\/www.facebook.com\/Theatrucs"]}]}},"_links":{"self":[{"href":"https:\/\/theatrucs.ovh\/index.php\/wp-json\/wp\/v2\/pages\/64","targetHints":{"allow":["GET"]}}],"collection":[{"href":"https:\/\/theatrucs.ovh\/index.php\/wp-json\/wp\/v2\/pages"}],"about":[{"href":"https:\/\/theatrucs.ovh\/index.php\/wp-json\/wp\/v2\/types\/page"}],"author":[{"embeddable":true,"href":"https:\/\/theatrucs.ovh\/index.php\/wp-json\/wp\/v2\/users\/1"}],"replies":[{"embeddable":true,"href":"https:\/\/theatrucs.ovh\/index.php\/wp-json\/wp\/v2\/comments?post=64"}],"version-history":[{"count":18,"href":"https:\/\/theatrucs.ovh\/index.php\/wp-json\/wp\/v2\/pages\/64\/revisions"}],"predecessor-version":[{"id":553,"href":"https:\/\/theatrucs.ovh\/index.php\/wp-json\/wp\/v2\/pages\/64\/revisions\/553"}],"wp:attachment":[{"href":"https:\/\/theatrucs.ovh\/index.php\/wp-json\/wp\/v2\/media?parent=64"}],"curies":[{"name":"wp","href":"https:\/\/api.w.org\/{rel}","templated":true}]}}