{"id":56,"date":"2023-10-02T11:06:36","date_gmt":"2023-10-02T09:06:36","guid":{"rendered":"https:\/\/theatrucs.ovh\/?page_id=56"},"modified":"2023-12-09T17:03:41","modified_gmt":"2023-12-09T16:03:41","slug":"a-propos","status":"publish","type":"page","link":"https:\/\/theatrucs.ovh\/index.php\/a-propos\/","title":{"rendered":"\u00c0 propos"},"content":{"rendered":"<div id=\"pl-56\"  class=\"panel-layout\" ><div id=\"pg-56-0\"  class=\"panel-grid panel-no-style\" ><div id=\"pgc-56-0-0\"  class=\"panel-grid-cell\" ><div id=\"panel-56-0-0-0\" class=\"so-panel widget widget_sow-editor panel-first-child\" data-index=\"0\" ><div\n\t\t\t\n\t\t\tclass=\"so-widget-sow-editor so-widget-sow-editor-base\"\n\t\t\t\n\t\t><h3 class=\"widget-title\">Association Les Th\u00e9\u00e2trucs<\/h3>\n<div class=\"siteorigin-widget-tinymce textwidget\">\n\t<ul>\n<li><strong>Pr\u00e9sentation association<\/strong>\n<ul>\n<li>Les Th\u00e9\u00e2trucs (association conscience Imaginaire Sens socialisation )<\/li>\n<\/ul>\n<\/li>\n<li><strong>Si\u00e8ge de l\u2019association<\/strong>\n<ul>\n<li>Place Georges le Cornec 35580 Guichen<\/li>\n<\/ul>\n<\/li>\n<li><strong>Date de cr\u00e9ation<\/strong>\n<ul>\n<li>\u00a023\/05\/1990<\/li>\n<\/ul>\n<\/li>\n<li><strong>Date de publication<\/strong>\n<ul>\n<li>27\/06\/1990<\/li>\n<\/ul>\n<\/li>\n<li><strong>Date de derni\u00e8re modification<\/strong>\n<ul>\n<li>15\/03\/2022<\/li>\n<\/ul>\n<\/li>\n<li><strong>RNA<\/strong>\n<ul>\n<li>\u00a0W352000239<\/li>\n<\/ul>\n<\/li>\n<li><strong>Type<\/strong>\n<ul>\n<li>Loisirs et vie sociale<\/li>\n<\/ul>\n<\/li>\n<li><strong>Objet de l\u2019association<\/strong>\n<ul>\n<li>l\u2019association a pour but chez les enfants et ados, de parfaire \u00e0 la socialisation, d\u2019\u00e9veiller les sens pour une meilleure maitrise de soi.<\/li>\n<li>Favoriser le d\u00e9veloppement imaginaire, prendre conscience de l\u2019importance du corps et en faire un atout pour balayer certains complexes. et enfin se responsabiliser et tenir ses engagements.<\/li>\n<\/ul>\n<\/li>\n<\/ul>\n<\/div>\n<\/div><\/div><div id=\"panel-56-0-0-1\" class=\"so-panel widget widget_sow-image panel-last-child\" data-index=\"1\" ><div\n\t\t\t\n\t\t\tclass=\"so-widget-sow-image so-widget-sow-image-default-8b5b6f678277-56\"\n\t\t\t\n\t\t>\n<div class=\"sow-image-container\">\n\t\t<img \n\tsrc=\"https:\/\/theatrucs.ovh\/wp-content\/uploads\/2023\/10\/grandspectacletheatrucs2023.jpg\" width=\"750\" height=\"273\" srcset=\"https:\/\/theatrucs.ovh\/wp-content\/uploads\/2023\/10\/grandspectacletheatrucs2023.jpg 750w, https:\/\/theatrucs.ovh\/wp-content\/uploads\/2023\/10\/grandspectacletheatrucs2023-300x109.jpg 300w\" sizes=\"(max-width: 750px) 100vw, 750px\" alt=\"Grand spectacle 2023 Les Th\u00e9\u00e2trucs\" \t\tclass=\"so-widget-image\"\/>\n\t<\/div>\n\n<\/div><\/div><\/div><\/div><div id=\"pg-56-1\"  class=\"panel-grid panel-no-style\" ><div id=\"pgc-56-1-0\"  class=\"panel-grid-cell\" ><div id=\"panel-56-1-0-0\" class=\"so-panel widget widget_sow-editor panel-first-child panel-last-child\" data-index=\"2\" ><div\n\t\t\t\n\t\t\tclass=\"so-widget-sow-editor so-widget-sow-editor-base\"\n\t\t\t\n\t\t><h3 class=\"widget-title\">L'association<\/h3>\n<div class=\"siteorigin-widget-tinymce textwidget\">\n\t<p>Elle a pour but :<\/p>\n<ul>\n<li>d\u2019accueillir les enfants et adolescents de tous \u00e2ges, pour parfaire leur esprit de socialisation et d\u2019\u00e9veil des sens pour une meilleure ma\u00eetrise de soi.<\/li>\n<li>de favoriser le d\u00e9veloppement imaginaire.<\/li>\n<li>de faire prendre conscience de l\u2019importance de son corps et en faire un atout pour balayer certains complexes.<\/li>\n<li>de responsabiliser les jeunes en tenant ses engagements.<\/li>\n<\/ul>\n<p>Notre troupe accueille \u00e9galement les adultes qui souhaitent apprendre \u00e0 s\u2019exprimer en public.<br \/>\nPour toute information, n\u2019h\u00e9sitez pas \u00e0 prendre <a href=\"mailto:theatrucsguichen@yahoo.com\">contact par mail<\/a>, ou au <a class=\"telephone\" title=\"T\u00e9l\u00e9phone\" href=\"tel:+33631610916\">\u00a006\u00a031\u00a061\u00a009\u00a016<br \/>\n<\/a>.<\/p>\n<p>Les Th\u00e9\u00e2trucs remercientles partenaires qui les accompagnent dans cette nouvelle aventure th\u00e9\u00e2trale :<\/p>\n<ul>\n<li><a href=\"https:\/\/www.atelier-mengard.fr\/\" target=\"_blank\" rel=\"noopener\">Mengard &amp; Co<\/a><\/li>\n<li><a href=\"https:\/\/www.facebook.com\/p\/La-Grange-Guichen-100057414370656\/?locale=fr_FR\" target=\"_blank\" rel=\"noopener\">La Grange<\/a><\/li>\n<li><a href=\"https:\/\/www.guichenpontrean.fr\/contacts\/les-theatrucs-theatre-enfants\/\" target=\"_blank\" rel=\"noopener\">Commune de Guichen Pont-R\u00e9an<\/a><\/li>\n<\/ul>\n<p>L\u2019association Les Th\u00e9\u00e2trucs est en forme !<\/p>\n<p>Les membres du bureau sont dynamiques, les adh\u00e9rents ravis, les intervenantes inventives et l\u2019\u00e9quipe de b\u00e9n\u00e9voles tr\u00e8s impliqu\u00e9e !<\/p>\n<p>Le r\u00e9sultat se voit lors <a href=\"https:\/\/theatrucs.ovh\/index.php\/dans-le-retro\/\">des repr\u00e9sentations<\/a> de fin de saison et vous y \u00eates \u00e9videmment convi\u00e9s !<\/p>\n<p>La devise des Th\u00e9\u00e2trucs\u2009: Jouer, rire, grandir\u2009: la devise des acteurs en herbe\u2009!<\/p>\n<\/div>\n<\/div><\/div><\/div><\/div><\/div>","protected":false},"excerpt":{"rendered":"<p>Pr\u00e9sentation association Les Th\u00e9\u00e2trucs (association conscience Imaginaire Sens socialisation ) Si\u00e8ge de l\u2019association Place Georges le Cornec 35580 Guichen Date de cr\u00e9ation \u00a023\/05\/1990 Date de publication 27\/06\/1990 Date de derni\u00e8re modification 15\/03\/2022 RNA \u00a0W352000239 Type Loisirs et vie sociale Objet de l\u2019association l\u2019association a pour but chez les enfants et ados, de parfaire \u00e0 la socialisation, d\u2019\u00e9veiller les sens pour<\/p>\n<p><a class=\"more-link\" href=\"https:\/\/theatrucs.ovh\/index.php\/a-propos\/\">Read More<\/a><\/p>\n","protected":false},"author":1,"featured_media":0,"parent":0,"menu_order":0,"comment_status":"closed","ping_status":"closed","template":"","meta":{"footnotes":""},"class_list":["post-56","page","type-page","status-publish","hentry"],"yoast_head":"<!-- This site is optimized with the Yoast SEO plugin v27.3 - https:\/\/yoast.com\/product\/yoast-seo-wordpress\/ -->\n<title>\u00c0 propos - Les Th\u00e9\u00e2trucs<\/title>\n<meta name=\"description\" content=\"Les Th\u00e9\u00e2trucs est une association en forme ! les membres du bureau sont dynamiques, les intervenants et l\u2019\u00e9quipe de b\u00e9n\u00e9voles tr\u00e8s impliqu\u00e9e\" \/>\n<meta name=\"robots\" content=\"index, follow, max-snippet:-1, max-image-preview:large, max-video-preview:-1\" \/>\n<link rel=\"canonical\" href=\"https:\/\/theatrucs.ovh\/index.php\/a-propos\/\" \/>\n<meta property=\"og:locale\" content=\"fr_FR\" \/>\n<meta property=\"og:type\" content=\"article\" \/>\n<meta property=\"og:title\" content=\"\u00c0 propos - Les Th\u00e9\u00e2trucs\" \/>\n<meta property=\"og:description\" content=\"Les Th\u00e9\u00e2trucs est une association en forme ! les membres du bureau sont dynamiques, les intervenants et l\u2019\u00e9quipe de b\u00e9n\u00e9voles tr\u00e8s impliqu\u00e9e\" \/>\n<meta property=\"og:url\" content=\"https:\/\/theatrucs.ovh\/index.php\/a-propos\/\" \/>\n<meta property=\"og:site_name\" content=\"Les Th\u00e9\u00e2trucs\" \/>\n<meta property=\"article:publisher\" content=\"https:\/\/www.facebook.com\/Theatrucs\" \/>\n<meta property=\"article:modified_time\" content=\"2023-12-09T16:03:41+00:00\" \/>\n<meta name=\"twitter:card\" content=\"summary_large_image\" \/>\n<meta name=\"twitter:label1\" content=\"Dur\u00e9e de lecture estim\u00e9e\" \/>\n\t<meta name=\"twitter:data1\" content=\"2 minutes\" \/>\n<script type=\"application\/ld+json\" class=\"yoast-schema-graph\">{\"@context\":\"https:\\\/\\\/schema.org\",\"@graph\":[{\"@type\":\"WebPage\",\"@id\":\"https:\\\/\\\/theatrucs.ovh\\\/index.php\\\/a-propos\\\/\",\"url\":\"https:\\\/\\\/theatrucs.ovh\\\/index.php\\\/a-propos\\\/\",\"name\":\"\u00c0 propos - Les Th\u00e9\u00e2trucs\",\"isPartOf\":{\"@id\":\"https:\\\/\\\/theatrucs.ovh\\\/#website\"},\"datePublished\":\"2023-10-02T09:06:36+00:00\",\"dateModified\":\"2023-12-09T16:03:41+00:00\",\"description\":\"Les Th\u00e9\u00e2trucs est une association en forme ! les membres du bureau sont dynamiques, les intervenants et l\u2019\u00e9quipe de b\u00e9n\u00e9voles tr\u00e8s impliqu\u00e9e\",\"breadcrumb\":{\"@id\":\"https:\\\/\\\/theatrucs.ovh\\\/index.php\\\/a-propos\\\/#breadcrumb\"},\"inLanguage\":\"fr-FR\",\"potentialAction\":[{\"@type\":\"ReadAction\",\"target\":[\"https:\\\/\\\/theatrucs.ovh\\\/index.php\\\/a-propos\\\/\"]}]},{\"@type\":\"BreadcrumbList\",\"@id\":\"https:\\\/\\\/theatrucs.ovh\\\/index.php\\\/a-propos\\\/#breadcrumb\",\"itemListElement\":[{\"@type\":\"ListItem\",\"position\":1,\"name\":\"Accueil\",\"item\":\"https:\\\/\\\/theatrucs.ovh\\\/\"},{\"@type\":\"ListItem\",\"position\":2,\"name\":\"\u00c0 propos\"}]},{\"@type\":\"WebSite\",\"@id\":\"https:\\\/\\\/theatrucs.ovh\\\/#website\",\"url\":\"https:\\\/\\\/theatrucs.ovh\\\/\",\"name\":\"Les Th\u00e9\u00e2trucs\",\"description\":\"Ateliers de th\u00e9\u00e2tre pour enfants et adultes \u00e0 Guichen (35)\",\"publisher\":{\"@id\":\"https:\\\/\\\/theatrucs.ovh\\\/#organization\"},\"potentialAction\":[{\"@type\":\"SearchAction\",\"target\":{\"@type\":\"EntryPoint\",\"urlTemplate\":\"https:\\\/\\\/theatrucs.ovh\\\/?s={search_term_string}\"},\"query-input\":{\"@type\":\"PropertyValueSpecification\",\"valueRequired\":true,\"valueName\":\"search_term_string\"}}],\"inLanguage\":\"fr-FR\"},{\"@type\":\"Organization\",\"@id\":\"https:\\\/\\\/theatrucs.ovh\\\/#organization\",\"name\":\"Les Th\u00e9\u00e2trucs\",\"url\":\"https:\\\/\\\/theatrucs.ovh\\\/\",\"logo\":{\"@type\":\"ImageObject\",\"inLanguage\":\"fr-FR\",\"@id\":\"https:\\\/\\\/theatrucs.ovh\\\/#\\\/schema\\\/logo\\\/image\\\/\",\"url\":\"https:\\\/\\\/theatrucs.ovh\\\/wp-content\\\/uploads\\\/2023\\\/10\\\/logo-theatrucs2.png\",\"contentUrl\":\"https:\\\/\\\/theatrucs.ovh\\\/wp-content\\\/uploads\\\/2023\\\/10\\\/logo-theatrucs2.png\",\"width\":238,\"height\":238,\"caption\":\"Les Th\u00e9\u00e2trucs\"},\"image\":{\"@id\":\"https:\\\/\\\/theatrucs.ovh\\\/#\\\/schema\\\/logo\\\/image\\\/\"},\"sameAs\":[\"https:\\\/\\\/www.facebook.com\\\/Theatrucs\"]}]}<\/script>\n<!-- \/ Yoast SEO plugin. -->","yoast_head_json":{"title":"\u00c0 propos - Les Th\u00e9\u00e2trucs","description":"Les Th\u00e9\u00e2trucs est une association en forme ! les membres du bureau sont dynamiques, les intervenants et l\u2019\u00e9quipe de b\u00e9n\u00e9voles tr\u00e8s impliqu\u00e9e","robots":{"index":"index","follow":"follow","max-snippet":"max-snippet:-1","max-image-preview":"max-image-preview:large","max-video-preview":"max-video-preview:-1"},"canonical":"https:\/\/theatrucs.ovh\/index.php\/a-propos\/","og_locale":"fr_FR","og_type":"article","og_title":"\u00c0 propos - Les Th\u00e9\u00e2trucs","og_description":"Les Th\u00e9\u00e2trucs est une association en forme ! les membres du bureau sont dynamiques, les intervenants et l\u2019\u00e9quipe de b\u00e9n\u00e9voles tr\u00e8s impliqu\u00e9e","og_url":"https:\/\/theatrucs.ovh\/index.php\/a-propos\/","og_site_name":"Les Th\u00e9\u00e2trucs","article_publisher":"https:\/\/www.facebook.com\/Theatrucs","article_modified_time":"2023-12-09T16:03:41+00:00","twitter_card":"summary_large_image","twitter_misc":{"Dur\u00e9e de lecture estim\u00e9e":"2 minutes"},"schema":{"@context":"https:\/\/schema.org","@graph":[{"@type":"WebPage","@id":"https:\/\/theatrucs.ovh\/index.php\/a-propos\/","url":"https:\/\/theatrucs.ovh\/index.php\/a-propos\/","name":"\u00c0 propos - Les Th\u00e9\u00e2trucs","isPartOf":{"@id":"https:\/\/theatrucs.ovh\/#website"},"datePublished":"2023-10-02T09:06:36+00:00","dateModified":"2023-12-09T16:03:41+00:00","description":"Les Th\u00e9\u00e2trucs est une association en forme ! les membres du bureau sont dynamiques, les intervenants et l\u2019\u00e9quipe de b\u00e9n\u00e9voles tr\u00e8s impliqu\u00e9e","breadcrumb":{"@id":"https:\/\/theatrucs.ovh\/index.php\/a-propos\/#breadcrumb"},"inLanguage":"fr-FR","potentialAction":[{"@type":"ReadAction","target":["https:\/\/theatrucs.ovh\/index.php\/a-propos\/"]}]},{"@type":"BreadcrumbList","@id":"https:\/\/theatrucs.ovh\/index.php\/a-propos\/#breadcrumb","itemListElement":[{"@type":"ListItem","position":1,"name":"Accueil","item":"https:\/\/theatrucs.ovh\/"},{"@type":"ListItem","position":2,"name":"\u00c0 propos"}]},{"@type":"WebSite","@id":"https:\/\/theatrucs.ovh\/#website","url":"https:\/\/theatrucs.ovh\/","name":"Les Th\u00e9\u00e2trucs","description":"Ateliers de th\u00e9\u00e2tre pour enfants et adultes \u00e0 Guichen (35)","publisher":{"@id":"https:\/\/theatrucs.ovh\/#organization"},"potentialAction":[{"@type":"SearchAction","target":{"@type":"EntryPoint","urlTemplate":"https:\/\/theatrucs.ovh\/?s={search_term_string}"},"query-input":{"@type":"PropertyValueSpecification","valueRequired":true,"valueName":"search_term_string"}}],"inLanguage":"fr-FR"},{"@type":"Organization","@id":"https:\/\/theatrucs.ovh\/#organization","name":"Les Th\u00e9\u00e2trucs","url":"https:\/\/theatrucs.ovh\/","logo":{"@type":"ImageObject","inLanguage":"fr-FR","@id":"https:\/\/theatrucs.ovh\/#\/schema\/logo\/image\/","url":"https:\/\/theatrucs.ovh\/wp-content\/uploads\/2023\/10\/logo-theatrucs2.png","contentUrl":"https:\/\/theatrucs.ovh\/wp-content\/uploads\/2023\/10\/logo-theatrucs2.png","width":238,"height":238,"caption":"Les Th\u00e9\u00e2trucs"},"image":{"@id":"https:\/\/theatrucs.ovh\/#\/schema\/logo\/image\/"},"sameAs":["https:\/\/www.facebook.com\/Theatrucs"]}]}},"_links":{"self":[{"href":"https:\/\/theatrucs.ovh\/index.php\/wp-json\/wp\/v2\/pages\/56","targetHints":{"allow":["GET"]}}],"collection":[{"href":"https:\/\/theatrucs.ovh\/index.php\/wp-json\/wp\/v2\/pages"}],"about":[{"href":"https:\/\/theatrucs.ovh\/index.php\/wp-json\/wp\/v2\/types\/page"}],"author":[{"embeddable":true,"href":"https:\/\/theatrucs.ovh\/index.php\/wp-json\/wp\/v2\/users\/1"}],"replies":[{"embeddable":true,"href":"https:\/\/theatrucs.ovh\/index.php\/wp-json\/wp\/v2\/comments?post=56"}],"version-history":[{"count":13,"href":"https:\/\/theatrucs.ovh\/index.php\/wp-json\/wp\/v2\/pages\/56\/revisions"}],"predecessor-version":[{"id":355,"href":"https:\/\/theatrucs.ovh\/index.php\/wp-json\/wp\/v2\/pages\/56\/revisions\/355"}],"wp:attachment":[{"href":"https:\/\/theatrucs.ovh\/index.php\/wp-json\/wp\/v2\/media?parent=56"}],"curies":[{"name":"wp","href":"https:\/\/api.w.org\/{rel}","templated":true}]}}