{"id":288,"date":"2023-12-09T11:07:18","date_gmt":"2023-12-09T10:07:18","guid":{"rendered":"https:\/\/theatrucs.ovh\/?page_id=288"},"modified":"2025-11-18T10:07:30","modified_gmt":"2025-11-18T09:07:30","slug":"troupes-amies","status":"publish","type":"page","link":"https:\/\/theatrucs.ovh\/index.php\/troupes-amies\/","title":{"rendered":"Troupes amies"},"content":{"rendered":"<div id=\"pl-288\"  class=\"panel-layout\" ><div id=\"pg-288-0\"  class=\"panel-grid panel-no-style\" ><div id=\"pgc-288-0-0\"  class=\"panel-grid-cell\" ><div id=\"panel-288-0-0-0\" class=\"so-panel widget widget_sow-editor panel-first-child panel-last-child\" data-index=\"0\" ><div\n\t\t\t\n\t\t\tclass=\"so-widget-sow-editor so-widget-sow-editor-base\"\n\t\t\t\n\t\t><h3 class=\"widget-title\">Les troupes amies<\/h3>\n<div class=\"siteorigin-widget-tinymce textwidget\">\n\t<blockquote>\n<h4>Le P'tit Souffleur<\/h4>\n<p>N\u00e9 d\u2019un constat d\u2019isolement, comme le vivent de nombreuses associations, les troupes de th\u00e9\u00e2tre amateur du Pays des Vallons de Vilaine, se sont regroup\u00e9es et ont cumul\u00e9 leurs id\u00e9es et \u00e9nergies au sein du collectif\u00a0<em><a href=\"https:\/\/lepetitsouffleur.fr\/troupes-collectif\/\" target=\"_blank\" rel=\"noopener\">Le P\u2019tit Souffleur<\/a>.<\/em><\/p>\n<\/blockquote>\n<p>Ce sont, \u00e0 compter de d\u00e9cembre 2023, les troupes amies des Th\u00e9\u00e2trucs.<br \/>\nLes Th\u00e9\u00e2trucs remercient, \u00e0 cette occasion, les partenaires qui les accompagnent dans cette nouvelle aventure th\u00e9\u00e2trale.<\/p>\n<p>Merci \u00e0 nos partenaires :<\/p>\n<ul>\n<li><em><strong>ARSATI - Nicolas Bonenfant<\/strong><\/em><\/li>\n<li><em><strong>SONANCE AUDITION<\/strong><\/em><\/li>\n<li><em><strong>Ville de Guichen Pont-R\u00e9an<\/strong><\/em><\/li>\n<li><em><strong>Le P'tit Souffleur<\/strong><\/em><\/li>\n<\/ul>\n<p><a href=\"https:\/\/theatrucs.ovh\/index.php\/partenaires\/\">Voir page partenaires<\/a><\/p>\n<\/div>\n<\/div><\/div><\/div><div id=\"pgc-288-0-1\"  class=\"panel-grid-cell\" ><div id=\"panel-288-0-1-0\" class=\"so-panel widget widget_sow-image panel-first-child panel-last-child\" data-index=\"1\" ><div\n\t\t\t\n\t\t\tclass=\"so-widget-sow-image so-widget-sow-image-default-8b5b6f678277-288\"\n\t\t\t\n\t\t>\n<div class=\"sow-image-container\">\n\t\t\t<a href=\"https:\/\/lepetitsouffleur.fr\/apropos\/\"\n\t\t\ttarget=\"_blank\" rel=\"noopener noreferrer\" \t\t>\n\t\t\t<img \n\tsrc=\"https:\/\/theatrucs.ovh\/wp-content\/uploads\/2023\/12\/logo-ptitsouffleur2023-jpg.webp\" width=\"230\" height=\"173\" sizes=\"(max-width: 230px) 100vw, 230px\" title=\"logo-ptitsouffleur2023\" alt=\"logo le p&#039;tit souffleur\" \t\tclass=\"so-widget-image\"\/>\n\t\t\t<\/a><\/div>\n\n<\/div><\/div><\/div><\/div><div id=\"pg-288-1\"  class=\"panel-grid panel-no-style\" ><div id=\"pgc-288-1-0\"  class=\"panel-grid-cell\" ><div id=\"panel-288-1-0-0\" class=\"so-panel widget widget_sow-image panel-first-child panel-last-child\" data-index=\"2\" ><div\n\t\t\t\n\t\t\tclass=\"so-widget-sow-image so-widget-sow-image-default-8b5b6f678277-288\"\n\t\t\t\n\t\t><h3 class=\"widget-title\">les troupes du p'tit souffleur 2026<\/h3>\n<div class=\"sow-image-container\">\n\t\t<img \n\tsrc=\"https:\/\/theatrucs.ovh\/wp-content\/uploads\/2025\/11\/troupe-ptitsouffleur2026.jpg\" width=\"1024\" height=\"768\" srcset=\"https:\/\/theatrucs.ovh\/wp-content\/uploads\/2025\/11\/troupe-ptitsouffleur2026.jpg 1024w, https:\/\/theatrucs.ovh\/wp-content\/uploads\/2025\/11\/troupe-ptitsouffleur2026-300x225.jpg 300w, https:\/\/theatrucs.ovh\/wp-content\/uploads\/2025\/11\/troupe-ptitsouffleur2026-768x576.jpg 768w, https:\/\/theatrucs.ovh\/wp-content\/uploads\/2025\/11\/troupe-ptitsouffleur2026-800x600.jpg 800w, https:\/\/theatrucs.ovh\/wp-content\/uploads\/2025\/11\/troupe-ptitsouffleur2026-400x300.jpg 400w\" sizes=\"(max-width: 1024px) 100vw, 1024px\" title=\"les troupes du p&#039;tit souffleur 2026\" alt=\"les troupes du p&#039;tit souffleur 2026\" \t\tclass=\"so-widget-image\"\/>\n\t<\/div>\n\n<\/div><\/div><\/div><\/div><\/div>","protected":false},"excerpt":{"rendered":"<p>Le P&rsquo;tit Souffleur N\u00e9 d\u2019un constat d\u2019isolement, comme le vivent de nombreuses associations, les troupes de th\u00e9\u00e2tre amateur du Pays des Vallons de Vilaine, se sont regroup\u00e9es et ont cumul\u00e9 leurs id\u00e9es et \u00e9nergies au sein du collectif\u00a0Le P\u2019tit Souffleur. Ce sont, \u00e0 compter de d\u00e9cembre 2023, les troupes amies des Th\u00e9\u00e2trucs. Les Th\u00e9\u00e2trucs remercient, \u00e0 cette occasion, les partenaires<\/p>\n<p><a class=\"more-link\" href=\"https:\/\/theatrucs.ovh\/index.php\/troupes-amies\/\">Read More<\/a><\/p>\n","protected":false},"author":1,"featured_media":0,"parent":0,"menu_order":0,"comment_status":"closed","ping_status":"closed","template":"","meta":{"footnotes":""},"class_list":["post-288","page","type-page","status-publish","hentry"],"yoast_head":"<!-- This site is optimized with the Yoast SEO plugin v27.3 - https:\/\/yoast.com\/product\/yoast-seo-wordpress\/ -->\n<title>Troupes amies - Les Th\u00e9\u00e2trucs<\/title>\n<meta name=\"description\" content=\"Au sein du collectif\u00a0&quot;Le P\u2019tit Souffleur&quot;, Les Th\u00e9\u00e2trucs ont rejoint les troupes amies de th\u00e9\u00e2tre amateur du Pays des Vallons de Vilaine.\" \/>\n<meta name=\"robots\" content=\"index, follow, max-snippet:-1, max-image-preview:large, max-video-preview:-1\" \/>\n<link rel=\"canonical\" href=\"https:\/\/theatrucs.ovh\/index.php\/troupes-amies\/\" \/>\n<meta property=\"og:locale\" content=\"fr_FR\" \/>\n<meta property=\"og:type\" content=\"article\" \/>\n<meta property=\"og:title\" content=\"Troupes amies - Les Th\u00e9\u00e2trucs\" \/>\n<meta property=\"og:description\" content=\"Au sein du collectif\u00a0&quot;Le P\u2019tit Souffleur&quot;, Les Th\u00e9\u00e2trucs ont rejoint les troupes amies de th\u00e9\u00e2tre amateur du Pays des Vallons de Vilaine.\" \/>\n<meta property=\"og:url\" content=\"https:\/\/theatrucs.ovh\/index.php\/troupes-amies\/\" \/>\n<meta property=\"og:site_name\" content=\"Les Th\u00e9\u00e2trucs\" \/>\n<meta property=\"article:publisher\" content=\"https:\/\/www.facebook.com\/Theatrucs\" \/>\n<meta property=\"article:modified_time\" content=\"2025-11-18T09:07:30+00:00\" \/>\n<meta name=\"twitter:card\" content=\"summary_large_image\" \/>\n<meta name=\"twitter:label1\" content=\"Dur\u00e9e de lecture estim\u00e9e\" \/>\n\t<meta name=\"twitter:data1\" content=\"1 minute\" \/>\n<script type=\"application\/ld+json\" class=\"yoast-schema-graph\">{\"@context\":\"https:\\\/\\\/schema.org\",\"@graph\":[{\"@type\":\"WebPage\",\"@id\":\"https:\\\/\\\/theatrucs.ovh\\\/index.php\\\/troupes-amies\\\/\",\"url\":\"https:\\\/\\\/theatrucs.ovh\\\/index.php\\\/troupes-amies\\\/\",\"name\":\"Troupes amies - Les Th\u00e9\u00e2trucs\",\"isPartOf\":{\"@id\":\"https:\\\/\\\/theatrucs.ovh\\\/#website\"},\"datePublished\":\"2023-12-09T10:07:18+00:00\",\"dateModified\":\"2025-11-18T09:07:30+00:00\",\"description\":\"Au sein du collectif\u00a0\\\"Le P\u2019tit Souffleur\\\", Les Th\u00e9\u00e2trucs ont rejoint les troupes amies de th\u00e9\u00e2tre amateur du Pays des Vallons de Vilaine.\",\"breadcrumb\":{\"@id\":\"https:\\\/\\\/theatrucs.ovh\\\/index.php\\\/troupes-amies\\\/#breadcrumb\"},\"inLanguage\":\"fr-FR\",\"potentialAction\":[{\"@type\":\"ReadAction\",\"target\":[\"https:\\\/\\\/theatrucs.ovh\\\/index.php\\\/troupes-amies\\\/\"]}]},{\"@type\":\"BreadcrumbList\",\"@id\":\"https:\\\/\\\/theatrucs.ovh\\\/index.php\\\/troupes-amies\\\/#breadcrumb\",\"itemListElement\":[{\"@type\":\"ListItem\",\"position\":1,\"name\":\"Accueil\",\"item\":\"https:\\\/\\\/theatrucs.ovh\\\/\"},{\"@type\":\"ListItem\",\"position\":2,\"name\":\"Troupes amies\"}]},{\"@type\":\"WebSite\",\"@id\":\"https:\\\/\\\/theatrucs.ovh\\\/#website\",\"url\":\"https:\\\/\\\/theatrucs.ovh\\\/\",\"name\":\"Les Th\u00e9\u00e2trucs\",\"description\":\"Ateliers de th\u00e9\u00e2tre pour enfants et adultes \u00e0 Guichen (35)\",\"publisher\":{\"@id\":\"https:\\\/\\\/theatrucs.ovh\\\/#organization\"},\"potentialAction\":[{\"@type\":\"SearchAction\",\"target\":{\"@type\":\"EntryPoint\",\"urlTemplate\":\"https:\\\/\\\/theatrucs.ovh\\\/?s={search_term_string}\"},\"query-input\":{\"@type\":\"PropertyValueSpecification\",\"valueRequired\":true,\"valueName\":\"search_term_string\"}}],\"inLanguage\":\"fr-FR\"},{\"@type\":\"Organization\",\"@id\":\"https:\\\/\\\/theatrucs.ovh\\\/#organization\",\"name\":\"Les Th\u00e9\u00e2trucs\",\"url\":\"https:\\\/\\\/theatrucs.ovh\\\/\",\"logo\":{\"@type\":\"ImageObject\",\"inLanguage\":\"fr-FR\",\"@id\":\"https:\\\/\\\/theatrucs.ovh\\\/#\\\/schema\\\/logo\\\/image\\\/\",\"url\":\"https:\\\/\\\/theatrucs.ovh\\\/wp-content\\\/uploads\\\/2023\\\/10\\\/logo-theatrucs2.png\",\"contentUrl\":\"https:\\\/\\\/theatrucs.ovh\\\/wp-content\\\/uploads\\\/2023\\\/10\\\/logo-theatrucs2.png\",\"width\":238,\"height\":238,\"caption\":\"Les Th\u00e9\u00e2trucs\"},\"image\":{\"@id\":\"https:\\\/\\\/theatrucs.ovh\\\/#\\\/schema\\\/logo\\\/image\\\/\"},\"sameAs\":[\"https:\\\/\\\/www.facebook.com\\\/Theatrucs\"]}]}<\/script>\n<!-- \/ Yoast SEO plugin. -->","yoast_head_json":{"title":"Troupes amies - Les Th\u00e9\u00e2trucs","description":"Au sein du collectif\u00a0\"Le P\u2019tit Souffleur\", Les Th\u00e9\u00e2trucs ont rejoint les troupes amies de th\u00e9\u00e2tre amateur du Pays des Vallons de Vilaine.","robots":{"index":"index","follow":"follow","max-snippet":"max-snippet:-1","max-image-preview":"max-image-preview:large","max-video-preview":"max-video-preview:-1"},"canonical":"https:\/\/theatrucs.ovh\/index.php\/troupes-amies\/","og_locale":"fr_FR","og_type":"article","og_title":"Troupes amies - Les Th\u00e9\u00e2trucs","og_description":"Au sein du collectif\u00a0\"Le P\u2019tit Souffleur\", Les Th\u00e9\u00e2trucs ont rejoint les troupes amies de th\u00e9\u00e2tre amateur du Pays des Vallons de Vilaine.","og_url":"https:\/\/theatrucs.ovh\/index.php\/troupes-amies\/","og_site_name":"Les Th\u00e9\u00e2trucs","article_publisher":"https:\/\/www.facebook.com\/Theatrucs","article_modified_time":"2025-11-18T09:07:30+00:00","twitter_card":"summary_large_image","twitter_misc":{"Dur\u00e9e de lecture estim\u00e9e":"1 minute"},"schema":{"@context":"https:\/\/schema.org","@graph":[{"@type":"WebPage","@id":"https:\/\/theatrucs.ovh\/index.php\/troupes-amies\/","url":"https:\/\/theatrucs.ovh\/index.php\/troupes-amies\/","name":"Troupes amies - Les Th\u00e9\u00e2trucs","isPartOf":{"@id":"https:\/\/theatrucs.ovh\/#website"},"datePublished":"2023-12-09T10:07:18+00:00","dateModified":"2025-11-18T09:07:30+00:00","description":"Au sein du collectif\u00a0\"Le P\u2019tit Souffleur\", Les Th\u00e9\u00e2trucs ont rejoint les troupes amies de th\u00e9\u00e2tre amateur du Pays des Vallons de Vilaine.","breadcrumb":{"@id":"https:\/\/theatrucs.ovh\/index.php\/troupes-amies\/#breadcrumb"},"inLanguage":"fr-FR","potentialAction":[{"@type":"ReadAction","target":["https:\/\/theatrucs.ovh\/index.php\/troupes-amies\/"]}]},{"@type":"BreadcrumbList","@id":"https:\/\/theatrucs.ovh\/index.php\/troupes-amies\/#breadcrumb","itemListElement":[{"@type":"ListItem","position":1,"name":"Accueil","item":"https:\/\/theatrucs.ovh\/"},{"@type":"ListItem","position":2,"name":"Troupes amies"}]},{"@type":"WebSite","@id":"https:\/\/theatrucs.ovh\/#website","url":"https:\/\/theatrucs.ovh\/","name":"Les Th\u00e9\u00e2trucs","description":"Ateliers de th\u00e9\u00e2tre pour enfants et adultes \u00e0 Guichen (35)","publisher":{"@id":"https:\/\/theatrucs.ovh\/#organization"},"potentialAction":[{"@type":"SearchAction","target":{"@type":"EntryPoint","urlTemplate":"https:\/\/theatrucs.ovh\/?s={search_term_string}"},"query-input":{"@type":"PropertyValueSpecification","valueRequired":true,"valueName":"search_term_string"}}],"inLanguage":"fr-FR"},{"@type":"Organization","@id":"https:\/\/theatrucs.ovh\/#organization","name":"Les Th\u00e9\u00e2trucs","url":"https:\/\/theatrucs.ovh\/","logo":{"@type":"ImageObject","inLanguage":"fr-FR","@id":"https:\/\/theatrucs.ovh\/#\/schema\/logo\/image\/","url":"https:\/\/theatrucs.ovh\/wp-content\/uploads\/2023\/10\/logo-theatrucs2.png","contentUrl":"https:\/\/theatrucs.ovh\/wp-content\/uploads\/2023\/10\/logo-theatrucs2.png","width":238,"height":238,"caption":"Les Th\u00e9\u00e2trucs"},"image":{"@id":"https:\/\/theatrucs.ovh\/#\/schema\/logo\/image\/"},"sameAs":["https:\/\/www.facebook.com\/Theatrucs"]}]}},"_links":{"self":[{"href":"https:\/\/theatrucs.ovh\/index.php\/wp-json\/wp\/v2\/pages\/288","targetHints":{"allow":["GET"]}}],"collection":[{"href":"https:\/\/theatrucs.ovh\/index.php\/wp-json\/wp\/v2\/pages"}],"about":[{"href":"https:\/\/theatrucs.ovh\/index.php\/wp-json\/wp\/v2\/types\/page"}],"author":[{"embeddable":true,"href":"https:\/\/theatrucs.ovh\/index.php\/wp-json\/wp\/v2\/users\/1"}],"replies":[{"embeddable":true,"href":"https:\/\/theatrucs.ovh\/index.php\/wp-json\/wp\/v2\/comments?post=288"}],"version-history":[{"count":35,"href":"https:\/\/theatrucs.ovh\/index.php\/wp-json\/wp\/v2\/pages\/288\/revisions"}],"predecessor-version":[{"id":529,"href":"https:\/\/theatrucs.ovh\/index.php\/wp-json\/wp\/v2\/pages\/288\/revisions\/529"}],"wp:attachment":[{"href":"https:\/\/theatrucs.ovh\/index.php\/wp-json\/wp\/v2\/media?parent=288"}],"curies":[{"name":"wp","href":"https:\/\/api.w.org\/{rel}","templated":true}]}}